{"id":3281,"date":"2024-11-07T09:59:23","date_gmt":"2024-11-07T08:59:23","guid":{"rendered":"https:\/\/www.grupa-eco.pl\/moja-polnocna\/"},"modified":"2025-05-29T11:41:39","modified_gmt":"2025-05-29T09:41:39","slug":"moja-polnocna","status":"publish","type":"page","link":"https:\/\/www.grupa-eco.pl\/en\/moja-polnocna\/","title":{"rendered":"Moja P\u00f3\u0142nocna"},"content":{"rendered":"<style>.elementor-3281 .elementor-element.elementor-element-32dbada{--display:flex;--background-transition:0.3s;--margin-top:0px;--margin-bottom:0px;--margin-left:0px;--margin-right:0px;--padding-top:0px;--padding-bottom:0px;--padding-left:0px;--padding-right:0px;}.elementor-3281 .elementor-element.elementor-element-355d2a0 img{height:200px;object-fit:cover;object-position:center center;transition-duration:0.4s;}.elementor-3281 .elementor-element.elementor-element-355d2a0:hover img{filter:brightness( 95% ) contrast( 100% ) saturate( 100% ) blur( 0px ) hue-rotate( 0deg );}.elementor-3281 .elementor-element.elementor-element-0f3a441{--display:flex;--position:absolute;--gap:10px 10px;--row-gap:10px;--column-gap:10px;bottom:0px;}body:not(.rtl) .elementor-3281 .elementor-element.elementor-element-0f3a441{left:0px;}body.rtl .elementor-3281 .elementor-element.elementor-element-0f3a441{right:0px;}.elementor-3281 .elementor-element.elementor-element-29ded22{--display:flex;--gap:10px 10px;--row-gap:10px;--column-gap:10px;--overlay-opacity:0.5;}.elementor-3281 .elementor-element.elementor-element-29ded22::before, .elementor-3281 .elementor-element.elementor-element-29ded22 > .elementor-background-video-container::before, .elementor-3281 .elementor-element.elementor-element-29ded22 > .e-con-inner > .elementor-background-video-container::before, .elementor-3281 .elementor-element.elementor-element-29ded22 > .elementor-background-slideshow::before, .elementor-3281 .elementor-element.elementor-element-29ded22 > .e-con-inner > .elementor-background-slideshow::before, .elementor-3281 .elementor-element.elementor-element-29ded22 > .elementor-motion-effects-container > .elementor-motion-effects-layer::before{background-color:var( --e-global-color-ebeca6a );--background-overlay:'';}.elementor-3281 .elementor-element.elementor-element-f8cda19{text-align:center;}.elementor-3281 .elementor-element.elementor-element-f8cda19 .elementor-heading-title{font-size:16px;color:var( --e-global-color-secondary );}.elementor-3281 .elementor-element.elementor-element-49bb6d0{text-align:center;}.elementor-3281 .elementor-element.elementor-element-49bb6d0 img{width:75%;}.elementor-3281 .elementor-element.elementor-element-6ff3422{--display:flex;}@media(max-width:1024px){.elementor-3281 .elementor-element.elementor-element-32dbada{--margin-top:0px;--margin-bottom:0px;--margin-left:10px;--margin-right:0px;}.elementor-3281 .elementor-element.elementor-element-0f3a441{--gap:0px 0px;--row-gap:0px;--column-gap:0px;}.elementor-3281 .elementor-element.elementor-element-f8cda19 .elementor-heading-title{font-size:12px;}}@media(max-width:767px){.elementor-3281 .elementor-element.elementor-element-32dbada{--margin-top:30px;--margin-bottom:0px;--margin-left:0px;--margin-right:0px;}}\/* Start custom CSS for image, class: .elementor-element-355d2a0 *\/.elementor-3281 .elementor-element.elementor-element-355d2a0 img {\n    width: 100%;\n    -webkit-transition: all .3s ease-in-out;\n    -moz-transition: all .3s ease-in-out;\n    -o-transition: all .3s ease-in-out;\n    -ms-transition: all .3s ease-in-out;\n    overflow: hidden;\n    white-space: nowrap;\n}\/* End custom CSS *\/\n\/* Start custom CSS for container, class: .elementor-element-32dbada *\/.elementor-3281 .elementor-element.elementor-element-32dbada {\n    overflow: hidden;\n}\/* End custom CSS *\/<\/style>\t\t<div data-elementor-type=\"wp-page\" data-elementor-id=\"3281\" class=\"elementor elementor-3281 elementor-917\" data-elementor-post-type=\"page\">\n\t\t\t\t<div data-ep-wrapper-link=\"{&quot;url&quot;:&quot;http:\\\/\\\/www.mojapolnocna.pl\\\/&quot;,&quot;is_external&quot;:&quot;&quot;,&quot;nofollow&quot;:&quot;&quot;,&quot;custom_attributes&quot;:&quot;&quot;}\" style=\"cursor: pointer\" class=\"bdt-element-link elementor-element elementor-element-32dbada e-flex e-con-boxed e-con e-child\" data-id=\"32dbada\" data-element_type=\"container\">\n\t\t\t\t\t<div class=\"e-con-inner\">\n\t\t\t\t<div class=\"elementor-element elementor-element-355d2a0 elementor-widget elementor-widget-image\" data-id=\"355d2a0\" data-element_type=\"widget\" data-widget_type=\"image.default\">\n\t\t\t\t<div class=\"elementor-widget-container\">\n\t\t\t\t\t\t\t\t\t\t\t\t\t\t\t<img fetchpriority=\"high\" decoding=\"async\" width=\"800\" height=\"111\" src=\"https:\/\/www.grupa-eco.pl\/wp-content\/uploads\/2025\/01\/MP-1440x200-v2-1024x142.jpg\" class=\"attachment-large size-large wp-image-2859\" alt=\"\" srcset=\"https:\/\/www.grupa-eco.pl\/wp-content\/uploads\/2025\/01\/MP-1440x200-v2-1024x142.jpg 1024w, https:\/\/www.grupa-eco.pl\/wp-content\/uploads\/2025\/01\/MP-1440x200-v2-300x42.jpg 300w, https:\/\/www.grupa-eco.pl\/wp-content\/uploads\/2025\/01\/MP-1440x200-v2-768x107.jpg 768w, https:\/\/www.grupa-eco.pl\/wp-content\/uploads\/2025\/01\/MP-1440x200-v2.jpg 1440w\" sizes=\"(max-width: 800px) 100vw, 800px\" \/>\t\t\t\t\t\t\t\t\t\t\t\t\t\t\t<\/div>\n\t\t\t\t<\/div>\n\t\t<div class=\"elementor-element elementor-element-0f3a441 e-flex e-con-boxed e-con e-child\" data-id=\"0f3a441\" data-element_type=\"container\" data-settings=\"{&quot;position&quot;:&quot;absolute&quot;}\">\n\t\t\t\t\t<div class=\"e-con-inner\">\n\t\t<div class=\"elementor-element elementor-element-29ded22 e-con-full e-flex e-con e-child\" data-id=\"29ded22\" data-element_type=\"container\">\n\t\t\t\t<div class=\"elementor-element elementor-element-f8cda19 elementor-widget elementor-widget-heading\" data-id=\"f8cda19\" data-element_type=\"widget\" data-widget_type=\"heading.default\">\n\t\t\t\t<div class=\"elementor-widget-container\">\n\t\t\t\t\t<h3 class=\"elementor-heading-title elementor-size-default\">Przejd\u017a do strony inwestycji<\/h3>\t\t\t\t<\/div>\n\t\t\t\t<\/div>\n\t\t\t\t<div class=\"elementor-element elementor-element-49bb6d0 elementor-widget elementor-widget-image\" data-id=\"49bb6d0\" data-element_type=\"widget\" data-widget_type=\"image.default\">\n\t\t\t\t<div class=\"elementor-widget-container\">\n\t\t\t\t\t\t\t\t\t\t\t\t\t\t\t\t<a href=\"http:\/\/www.mojapolnocna.pl\/\">\n\t\t\t\t\t\t\t<img decoding=\"async\" width=\"177\" height=\"24\" src=\"https:\/\/www.grupa-eco.pl\/wp-content\/uploads\/2024\/08\/Arrow-1.png\" class=\"elementor-animation-grow attachment-full size-full wp-image-2459\" alt=\"\" \/>\t\t\t\t\t\t\t\t<\/a>\n\t\t\t\t\t\t\t\t\t\t\t\t\t\t\t<\/div>\n\t\t\t\t<\/div>\n\t\t\t\t<\/div>\n\t\t\t\t\t<\/div>\n\t\t\t\t<\/div>\n\t\t\t\t\t<\/div>\n\t\t\t\t<\/div>\n\t\t<div class=\"elementor-element elementor-element-6ff3422 e-flex e-con-boxed e-con e-parent\" data-id=\"6ff3422\" data-element_type=\"container\">\n\t\t\t\t\t<div class=\"e-con-inner\">\n\t\t\t\t<div class=\"elementor-element elementor-element-e3e80cc elementor-widget elementor-widget-html\" data-id=\"e3e80cc\" data-element_type=\"widget\" data-widget_type=\"html.default\">\n\t\t\t\t<div class=\"elementor-widget-container\">\n\t\t\t\t\t<style type=\"text\/css\" id=\"fusion-builder-page-css\">\n        @import url(\"https:\/\/3destatesmartmakietaemb.z6.web.core.windows.net\/v1\/css\/main.css\"); #smart-makieta {\n            width: 100%;\n            height: calc(100vh - 100px);\n        }\n    <\/style>\n<div id=\"smart-makieta\"><\/div>\n                                                    <p>\n                                                        <script src=\"https:\/\/3destatesmartmakietaemb.z6.web.core.windows.net\/v1\/js\/main.js\" data-cookieconsent=\"ignore\" onload=\"(function(){SM.init('df69a946-f355-426c-8469-992c2a66883d','smart-makieta',{},{ location: true, gallery: true, showPrice: true, logoMain: true },{},{contactFormCustomFields: () =&gt; {const searchParams = new URLSearchParams(window.location.search);return {utmDataCampaignName: searchParams.get('utm_campaign') || '',utmDataCampaignSource: searchParams.get('utm_source') || '',utmDataCampaignMedium: searchParams.get('utm_medium') || '',utmDataCampaignTerm: searchParams.get('utm_term') || '',utmDataCampaignContent: searchParams.get('utm_content') || '',};},});})()\"><\/script>\n                                                    <\/p>\t\t\t\t<\/div>\n\t\t\t\t<\/div>\n\t\t\t\t\t<\/div>\n\t\t\t\t<\/div>\n\t\t\t\t<\/div>\n\t\t","protected":false},"excerpt":{"rendered":"<p>Przejd\u017a do strony inwestycji<\/p>\n","protected":false},"author":1,"featured_media":0,"parent":0,"menu_order":0,"comment_status":"closed","ping_status":"closed","template":"elementor_header_footer","meta":{"_acf_changed":false,"footnotes":""},"class_list":["post-3281","page","type-page","status-publish","hentry"],"acf":[],"yoast_head":"<!-- This site is optimized with the Yoast SEO plugin v26.1.1 - https:\/\/yoast.com\/wordpress\/plugins\/seo\/ -->\n<title>Moja P\u00f3\u0142nocna - Grupa Eco<\/title>\n<meta name=\"robots\" content=\"index, follow, max-snippet:-1, max-image-preview:large, max-video-preview:-1\" \/>\n<link rel=\"canonical\" href=\"https:\/\/www.grupa-eco.pl\/en\/moja-polnocna\/\" \/>\n<meta property=\"og:locale\" content=\"en_US\" \/>\n<meta property=\"og:type\" content=\"article\" \/>\n<meta property=\"og:title\" content=\"Moja P\u00f3\u0142nocna - Grupa Eco\" \/>\n<meta property=\"og:description\" content=\"Przejd\u017a do strony inwestycji\" \/>\n<meta property=\"og:url\" content=\"https:\/\/www.grupa-eco.pl\/en\/moja-polnocna\/\" \/>\n<meta property=\"og:site_name\" content=\"Grupa Eco\" \/>\n<meta property=\"article:modified_time\" content=\"2025-05-29T09:41:39+00:00\" \/>\n<meta property=\"og:image\" content=\"https:\/\/www.grupa-eco.pl\/wp-content\/uploads\/2025\/01\/MP-1440x200-v2.jpg\" \/>\n\t<meta property=\"og:image:width\" content=\"1440\" \/>\n\t<meta property=\"og:image:height\" content=\"200\" \/>\n\t<meta property=\"og:image:type\" content=\"image\/jpeg\" \/>\n<meta name=\"twitter:card\" content=\"summary_large_image\" \/>\n<script type=\"application\/ld+json\" class=\"yoast-schema-graph\">{\"@context\":\"https:\/\/schema.org\",\"@graph\":[{\"@type\":\"WebPage\",\"@id\":\"https:\/\/www.grupa-eco.pl\/en\/moja-polnocna\/\",\"url\":\"https:\/\/www.grupa-eco.pl\/en\/moja-polnocna\/\",\"name\":\"Moja P\u00f3\u0142nocna - Grupa Eco\",\"isPartOf\":{\"@id\":\"https:\/\/www.grupa-eco.pl\/en\/#website\"},\"primaryImageOfPage\":{\"@id\":\"https:\/\/www.grupa-eco.pl\/en\/moja-polnocna\/#primaryimage\"},\"image\":{\"@id\":\"https:\/\/www.grupa-eco.pl\/en\/moja-polnocna\/#primaryimage\"},\"thumbnailUrl\":\"https:\/\/www.grupa-eco.pl\/wp-content\/uploads\/2025\/01\/MP-1440x200-v2-1024x142.jpg\",\"datePublished\":\"2024-11-07T08:59:23+00:00\",\"dateModified\":\"2025-05-29T09:41:39+00:00\",\"breadcrumb\":{\"@id\":\"https:\/\/www.grupa-eco.pl\/en\/moja-polnocna\/#breadcrumb\"},\"inLanguage\":\"en-US\",\"potentialAction\":[{\"@type\":\"ReadAction\",\"target\":[\"https:\/\/www.grupa-eco.pl\/en\/moja-polnocna\/\"]}]},{\"@type\":\"ImageObject\",\"inLanguage\":\"en-US\",\"@id\":\"https:\/\/www.grupa-eco.pl\/en\/moja-polnocna\/#primaryimage\",\"url\":\"https:\/\/www.grupa-eco.pl\/wp-content\/uploads\/2025\/01\/MP-1440x200-v2-1024x142.jpg\",\"contentUrl\":\"https:\/\/www.grupa-eco.pl\/wp-content\/uploads\/2025\/01\/MP-1440x200-v2-1024x142.jpg\"},{\"@type\":\"BreadcrumbList\",\"@id\":\"https:\/\/www.grupa-eco.pl\/en\/moja-polnocna\/#breadcrumb\",\"itemListElement\":[{\"@type\":\"ListItem\",\"position\":1,\"name\":\"Strona g\u0142\u00f3wna\",\"item\":\"https:\/\/www.grupa-eco.pl\/en\/homepage\/\"},{\"@type\":\"ListItem\",\"position\":2,\"name\":\"Moja P\u00f3\u0142nocna\"}]},{\"@type\":\"WebSite\",\"@id\":\"https:\/\/www.grupa-eco.pl\/en\/#website\",\"url\":\"https:\/\/www.grupa-eco.pl\/en\/\",\"name\":\"Grupa Eco\",\"description\":\"\",\"potentialAction\":[{\"@type\":\"SearchAction\",\"target\":{\"@type\":\"EntryPoint\",\"urlTemplate\":\"https:\/\/www.grupa-eco.pl\/en\/?s={search_term_string}\"},\"query-input\":{\"@type\":\"PropertyValueSpecification\",\"valueRequired\":true,\"valueName\":\"search_term_string\"}}],\"inLanguage\":\"en-US\"}]}<\/script>\n<!-- \/ Yoast SEO plugin. -->","yoast_head_json":{"title":"Moja P\u00f3\u0142nocna - Grupa Eco","robots":{"index":"index","follow":"follow","max-snippet":"max-snippet:-1","max-image-preview":"max-image-preview:large","max-video-preview":"max-video-preview:-1"},"canonical":"https:\/\/www.grupa-eco.pl\/en\/moja-polnocna\/","og_locale":"en_US","og_type":"article","og_title":"Moja P\u00f3\u0142nocna - Grupa Eco","og_description":"Przejd\u017a do strony inwestycji","og_url":"https:\/\/www.grupa-eco.pl\/en\/moja-polnocna\/","og_site_name":"Grupa Eco","article_modified_time":"2025-05-29T09:41:39+00:00","og_image":[{"width":1440,"height":200,"url":"https:\/\/www.grupa-eco.pl\/wp-content\/uploads\/2025\/01\/MP-1440x200-v2.jpg","type":"image\/jpeg"}],"twitter_card":"summary_large_image","schema":{"@context":"https:\/\/schema.org","@graph":[{"@type":"WebPage","@id":"https:\/\/www.grupa-eco.pl\/en\/moja-polnocna\/","url":"https:\/\/www.grupa-eco.pl\/en\/moja-polnocna\/","name":"Moja P\u00f3\u0142nocna - Grupa Eco","isPartOf":{"@id":"https:\/\/www.grupa-eco.pl\/en\/#website"},"primaryImageOfPage":{"@id":"https:\/\/www.grupa-eco.pl\/en\/moja-polnocna\/#primaryimage"},"image":{"@id":"https:\/\/www.grupa-eco.pl\/en\/moja-polnocna\/#primaryimage"},"thumbnailUrl":"https:\/\/www.grupa-eco.pl\/wp-content\/uploads\/2025\/01\/MP-1440x200-v2-1024x142.jpg","datePublished":"2024-11-07T08:59:23+00:00","dateModified":"2025-05-29T09:41:39+00:00","breadcrumb":{"@id":"https:\/\/www.grupa-eco.pl\/en\/moja-polnocna\/#breadcrumb"},"inLanguage":"en-US","potentialAction":[{"@type":"ReadAction","target":["https:\/\/www.grupa-eco.pl\/en\/moja-polnocna\/"]}]},{"@type":"ImageObject","inLanguage":"en-US","@id":"https:\/\/www.grupa-eco.pl\/en\/moja-polnocna\/#primaryimage","url":"https:\/\/www.grupa-eco.pl\/wp-content\/uploads\/2025\/01\/MP-1440x200-v2-1024x142.jpg","contentUrl":"https:\/\/www.grupa-eco.pl\/wp-content\/uploads\/2025\/01\/MP-1440x200-v2-1024x142.jpg"},{"@type":"BreadcrumbList","@id":"https:\/\/www.grupa-eco.pl\/en\/moja-polnocna\/#breadcrumb","itemListElement":[{"@type":"ListItem","position":1,"name":"Strona g\u0142\u00f3wna","item":"https:\/\/www.grupa-eco.pl\/en\/homepage\/"},{"@type":"ListItem","position":2,"name":"Moja P\u00f3\u0142nocna"}]},{"@type":"WebSite","@id":"https:\/\/www.grupa-eco.pl\/en\/#website","url":"https:\/\/www.grupa-eco.pl\/en\/","name":"Grupa Eco","description":"","potentialAction":[{"@type":"SearchAction","target":{"@type":"EntryPoint","urlTemplate":"https:\/\/www.grupa-eco.pl\/en\/?s={search_term_string}"},"query-input":{"@type":"PropertyValueSpecification","valueRequired":true,"valueName":"search_term_string"}}],"inLanguage":"en-US"}]}},"_links":{"self":[{"href":"https:\/\/www.grupa-eco.pl\/en\/wp-json\/wp\/v2\/pages\/3281","targetHints":{"allow":["GET"]}}],"collection":[{"href":"https:\/\/www.grupa-eco.pl\/en\/wp-json\/wp\/v2\/pages"}],"about":[{"href":"https:\/\/www.grupa-eco.pl\/en\/wp-json\/wp\/v2\/types\/page"}],"author":[{"embeddable":true,"href":"https:\/\/www.grupa-eco.pl\/en\/wp-json\/wp\/v2\/users\/1"}],"replies":[{"embeddable":true,"href":"https:\/\/www.grupa-eco.pl\/en\/wp-json\/wp\/v2\/comments?post=3281"}],"version-history":[{"count":1,"href":"https:\/\/www.grupa-eco.pl\/en\/wp-json\/wp\/v2\/pages\/3281\/revisions"}],"predecessor-version":[{"id":3282,"href":"https:\/\/www.grupa-eco.pl\/en\/wp-json\/wp\/v2\/pages\/3281\/revisions\/3282"}],"wp:attachment":[{"href":"https:\/\/www.grupa-eco.pl\/en\/wp-json\/wp\/v2\/media?parent=3281"}],"curies":[{"name":"wp","href":"https:\/\/api.w.org\/{rel}","templated":true}]}}