{"id":3274,"date":"2024-10-16T14:20:24","date_gmt":"2024-10-16T12:20:24","guid":{"rendered":"https:\/\/www.grupa-eco.pl\/news\/"},"modified":"2025-05-29T11:31:41","modified_gmt":"2025-05-29T09:31:41","slug":"news","status":"publish","type":"page","link":"https:\/\/www.grupa-eco.pl\/en\/news\/","title":{"rendered":"News"},"content":{"rendered":"<style>.elementor-3274 .elementor-element.elementor-element-62ba392{--display:flex;}.elementor-3274 .elementor-element.elementor-element-1a3b59e{--grid-columns:3;}@media(max-width:1024px){.elementor-3274 .elementor-element.elementor-element-1a3b59e{--grid-columns:2;}}@media(max-width:767px){.elementor-3274 .elementor-element.elementor-element-1a3b59e{--grid-columns:1;}}<\/style>\t\t<div data-elementor-type=\"wp-page\" data-elementor-id=\"3274\" class=\"elementor elementor-3274 elementor-740\" data-elementor-post-type=\"page\">\n\t\t\t\t<div class=\"elementor-element elementor-element-62ba392 e-flex e-con-boxed e-con e-parent\" data-id=\"62ba392\" data-element_type=\"container\">\n\t\t\t\t\t<div class=\"e-con-inner\">\n\t\t\t\t<div class=\"elementor-element elementor-element-1a3b59e elementor-grid-3 elementor-grid-tablet-2 elementor-grid-mobile-1 elementor-widget elementor-widget-loop-grid\" data-id=\"1a3b59e\" data-element_type=\"widget\" data-settings=\"{&quot;template_id&quot;:751,&quot;_skin&quot;:&quot;post&quot;,&quot;columns&quot;:&quot;3&quot;,&quot;columns_tablet&quot;:&quot;2&quot;,&quot;columns_mobile&quot;:&quot;1&quot;,&quot;edit_handle_selector&quot;:&quot;[data-elementor-type=\\&quot;loop-item\\&quot;]&quot;,&quot;row_gap&quot;:{&quot;unit&quot;:&quot;px&quot;,&quot;size&quot;:&quot;&quot;,&quot;sizes&quot;:[]},&quot;row_gap_widescreen&quot;:{&quot;unit&quot;:&quot;px&quot;,&quot;size&quot;:&quot;&quot;,&quot;sizes&quot;:[]},&quot;row_gap_tablet&quot;:{&quot;unit&quot;:&quot;px&quot;,&quot;size&quot;:&quot;&quot;,&quot;sizes&quot;:[]},&quot;row_gap_mobile&quot;:{&quot;unit&quot;:&quot;px&quot;,&quot;size&quot;:&quot;&quot;,&quot;sizes&quot;:[]}}\" data-widget_type=\"loop-grid.post\">\n\t\t\t\t<div class=\"elementor-widget-container\">\n\t\t\t\t\t\t\t<div class=\"elementor-loop-container elementor-grid\" role=\"list\">\n\t\t<style id=\"loop-751\">.elementor-751 .elementor-element.elementor-element-ecebb84{--display:flex;--gap:0px 0px;--row-gap:0px;--column-gap:0px;box-shadow:0px 1px 4px 0px rgba(38, 49.99999999999999, 56, 0.2);--margin-top:0px;--margin-bottom:0px;--margin-left:0px;--margin-right:0px;--padding-top:0px;--padding-bottom:0px;--padding-left:0px;--padding-right:0px;}.elementor-751 .elementor-element.elementor-element-5693290 > .elementor-widget-container{padding:0px 0px 0px 0px;}.elementor-751 .elementor-element.elementor-element-5693290 img{height:225px;object-fit:cover;object-position:center center;}.elementor-751 .elementor-element.elementor-element-609b89b{--display:flex;--flex-direction:column;--container-widget-width:100%;--container-widget-height:initial;--container-widget-flex-grow:0;--container-widget-align-self:initial;--flex-wrap-mobile:wrap;--justify-content:space-between;--gap:0px 0px;--row-gap:0px;--column-gap:0px;}.elementor-751 .elementor-element.elementor-element-9853b75 > .elementor-widget-container{margin:10px 0px 10px 0px;padding:0px 0px 0px 0px;}.elementor-751 .elementor-element.elementor-element-9853b75 .elementor-heading-title{font-family:\"Lato\", Sans-serif;font-size:18px;font-weight:700;color:var( --e-global-color-a6fbdc7 );}.elementor-751 .elementor-element.elementor-element-a265386 .jeg-elementor-kit.jkit-button .jkit-button-wrapper{background-color:#02010100;width:50%;padding:10px 30px 10px 30px;color:var( --e-global-color-primary );border-style:solid;border-width:1px 1px 1px 1px;border-radius:0px 0px 0px 0px;}.elementor-751 .elementor-element.elementor-element-a265386 .jeg-elementor-kit.jkit-button .jkit-button-wrapper:not(.hover-gradient):hover, .elementor-751 .elementor-element.elementor-element-a265386 .jeg-elementor-kit.jkit-button .jkit-button-wrapper.hover-gradient:before{background-color:var( --e-global-color-a6fbdc7 );}.elementor-751 .elementor-element.elementor-element-a265386 > .elementor-widget-container{margin:14px 0px 0px 0px;padding:0px 0px 0px 0px;}.elementor-751 .elementor-element.elementor-element-a265386.elementor-element{--order:99999 \/* order end hack *\/;}.elementor-751 .elementor-element.elementor-element-a265386 .jeg-elementor-kit.jkit-button{text-align:left;}.elementor-751 .elementor-element.elementor-element-a265386 .jeg-elementor-kit.jkit-button .jkit-button-wrapper svg{fill:var( --e-global-color-primary );width:20px;}.elementor-751 .elementor-element.elementor-element-a265386 .jeg-elementor-kit.jkit-button .jkit-button-wrapper:hover{color:var( --e-global-color-secondary );border-style:solid;border-width:1px 1px 1px 1px;border-color:#02010100;border-radius:0px 0px 0px 0px;}.elementor-751 .elementor-element.elementor-element-a265386 .jeg-elementor-kit.jkit-button .jkit-button-wrapper:hover svg{fill:var( --e-global-color-secondary );}.elementor-751 .elementor-element.elementor-element-a265386 .jeg-elementor-kit.jkit-button .jkit-button-wrapper i{font-size:20px;}.elementor-751 .elementor-element.elementor-element-a265386 .jeg-elementor-kit.jkit-button.icon-position-before .jkit-button-wrapper i, .elementor-751 .elementor-element.elementor-element-a265386 .jeg-elementor-kit.jkit-button.icon-position-before .jkit-button-wrapper svg{margin-right:20px;}.elementor-751 .elementor-element.elementor-element-a265386 .jeg-elementor-kit.jkit-button.icon-position-after .jkit-button-wrapper i, .elementor-751 .elementor-element.elementor-element-a265386 .jeg-elementor-kit.jkit-button.icon-position-after .jkit-button-wrapper svg{margin-left:20px;}@media(max-width:767px){.elementor-751 .elementor-element.elementor-element-9853b75 .elementor-heading-title{font-size:1.2rem;}.elementor-751 .elementor-element.elementor-element-a265386 .jeg-elementor-kit.jkit-button .jkit-button-wrapper{color:var( --e-global-color-primary );}.elementor-751 .elementor-element.elementor-element-a265386 .jeg-elementor-kit.jkit-button .jkit-button-wrapper svg{fill:var( --e-global-color-primary );}.elementor-751 .elementor-element.elementor-element-a265386 .jeg-elementor-kit.jkit-button .jkit-button-wrapper:hover{color:var( --e-global-color-accent );}.elementor-751 .elementor-element.elementor-element-a265386 .jeg-elementor-kit.jkit-button .jkit-button-wrapper:hover svg{fill:var( --e-global-color-accent );}}<\/style>\t\t<div data-elementor-type=\"loop-item\" data-elementor-id=\"751\" class=\"elementor elementor-751 e-loop-item e-loop-item-5530 post-5530 post type-post status-publish format-standard has-post-thumbnail hentry category-bez-kategorii\" data-elementor-post-type=\"elementor_library\" data-custom-edit-handle=\"1\">\n\t\t\t<div class=\"elementor-element elementor-element-ecebb84 e-flex e-con-boxed e-con e-parent\" data-id=\"ecebb84\" data-element_type=\"container\">\n\t\t\t\t\t<div class=\"e-con-inner\">\n\t\t\t\t<div class=\"elementor-element elementor-element-5693290 elementor-widget elementor-widget-image\" data-id=\"5693290\" data-element_type=\"widget\" data-widget_type=\"image.default\">\n\t\t\t\t<div class=\"elementor-widget-container\">\n\t\t\t\t\t\t\t\t\t\t\t\t\t\t\t<img fetchpriority=\"high\" decoding=\"async\" width=\"1200\" height=\"900\" src=\"https:\/\/www.grupa-eco.pl\/wp-content\/uploads\/2025\/10\/aktualnosci_interio_1200x900.jpg\" class=\"attachment-full size-full wp-image-5531\" alt=\"\" srcset=\"https:\/\/www.grupa-eco.pl\/wp-content\/uploads\/2025\/10\/aktualnosci_interio_1200x900.jpg 1200w, https:\/\/www.grupa-eco.pl\/wp-content\/uploads\/2025\/10\/aktualnosci_interio_1200x900-300x225.jpg 300w, https:\/\/www.grupa-eco.pl\/wp-content\/uploads\/2025\/10\/aktualnosci_interio_1200x900-1024x768.jpg 1024w, https:\/\/www.grupa-eco.pl\/wp-content\/uploads\/2025\/10\/aktualnosci_interio_1200x900-768x576.jpg 768w\" sizes=\"(max-width: 1200px) 100vw, 1200px\" \/>\t\t\t\t\t\t\t\t\t\t\t\t\t\t\t<\/div>\n\t\t\t\t<\/div>\n\t\t<div class=\"elementor-element elementor-element-609b89b e-con-full e-flex e-con e-child\" data-id=\"609b89b\" data-element_type=\"container\">\n\t\t\t\t<div class=\"elementor-element elementor-element-9853b75 elementor-widget elementor-widget-heading\" data-id=\"9853b75\" data-element_type=\"widget\" data-widget_type=\"heading.default\">\n\t\t\t\t<div class=\"elementor-widget-container\">\n\t\t\t\t\t<h3 class=\"elementor-heading-title elementor-size-default\"><a href=\"https:\/\/www.grupa-eco.pl\/en\/2025\/10\/17\/nowa-usluga-w-eco-interio-projektowanie-i-aranzacja-wnetrz\/\">Nowa us\u0142uga w ECO: Interio \u2013 projektowanie i aran\u017cacja wn\u0119trz<\/a><\/h3>\t\t\t\t<\/div>\n\t\t\t\t<\/div>\n\t\t\t\t<div class=\"elementor-element elementor-element-a265386 elementor-widget elementor-widget-jkit_button\" data-id=\"a265386\" data-element_type=\"widget\" data-widget_type=\"jkit_button.default\">\n\t\t\t\t<div class=\"elementor-widget-container\">\n\t\t\t\t\t<div  class=\"jeg-elementor-kit jkit-button  icon-position-after jeg_module___69ed0e12ac712\" ><a href=\"https:\/\/www.grupa-eco.pl\/en\/2025\/10\/17\/nowa-usluga-w-eco-interio-projektowanie-i-aranzacja-wnetrz\/\" class=\"jkit-button-wrapper\">Czytaj wi\u0119cej<i aria-hidden=\"true\" class=\"jki jki-arrow-right-light\"><\/i><\/a><\/div>\t\t\t\t<\/div>\n\t\t\t\t<\/div>\n\t\t\t\t<\/div>\n\t\t\t\t\t<\/div>\n\t\t\t\t<\/div>\n\t\t\t\t<\/div>\n\t\t\t\t<div data-elementor-type=\"loop-item\" data-elementor-id=\"751\" class=\"elementor elementor-751 e-loop-item e-loop-item-2075 post-2075 post type-post status-publish format-standard has-post-thumbnail hentry category-bez-kategorii\" data-elementor-post-type=\"elementor_library\" data-custom-edit-handle=\"1\">\n\t\t\t<div class=\"elementor-element elementor-element-ecebb84 e-flex e-con-boxed e-con e-parent\" data-id=\"ecebb84\" data-element_type=\"container\">\n\t\t\t\t\t<div class=\"e-con-inner\">\n\t\t\t\t<div class=\"elementor-element elementor-element-5693290 elementor-widget elementor-widget-image\" data-id=\"5693290\" data-element_type=\"widget\" data-widget_type=\"image.default\">\n\t\t\t\t<div class=\"elementor-widget-container\">\n\t\t\t\t\t\t\t\t\t\t\t\t\t\t\t<img decoding=\"async\" width=\"1200\" height=\"900\" src=\"https:\/\/www.grupa-eco.pl\/wp-content\/uploads\/2025\/03\/zeczenia-swiateczne-2024-1200x900-FB-.jpg\" class=\"attachment-full size-full wp-image-2076\" alt=\"\" srcset=\"https:\/\/www.grupa-eco.pl\/wp-content\/uploads\/2025\/03\/zeczenia-swiateczne-2024-1200x900-FB-.jpg 1200w, https:\/\/www.grupa-eco.pl\/wp-content\/uploads\/2025\/03\/zeczenia-swiateczne-2024-1200x900-FB--300x225.jpg 300w, https:\/\/www.grupa-eco.pl\/wp-content\/uploads\/2025\/03\/zeczenia-swiateczne-2024-1200x900-FB--1024x768.jpg 1024w, https:\/\/www.grupa-eco.pl\/wp-content\/uploads\/2025\/03\/zeczenia-swiateczne-2024-1200x900-FB--768x576.jpg 768w\" sizes=\"(max-width: 1200px) 100vw, 1200px\" \/>\t\t\t\t\t\t\t\t\t\t\t\t\t\t\t<\/div>\n\t\t\t\t<\/div>\n\t\t<div class=\"elementor-element elementor-element-609b89b e-con-full e-flex e-con e-child\" data-id=\"609b89b\" data-element_type=\"container\">\n\t\t\t\t<div class=\"elementor-element elementor-element-9853b75 elementor-widget elementor-widget-heading\" data-id=\"9853b75\" data-element_type=\"widget\" data-widget_type=\"heading.default\">\n\t\t\t\t<div class=\"elementor-widget-container\">\n\t\t\t\t\t<h3 class=\"elementor-heading-title elementor-size-default\"><a href=\"https:\/\/www.grupa-eco.pl\/en\/2024\/12\/20\/zyczenia-swiateczne\/\">\u017byczenia \u015awi\u0105teczne<\/a><\/h3>\t\t\t\t<\/div>\n\t\t\t\t<\/div>\n\t\t\t\t<div class=\"elementor-element elementor-element-a265386 elementor-widget elementor-widget-jkit_button\" data-id=\"a265386\" data-element_type=\"widget\" data-widget_type=\"jkit_button.default\">\n\t\t\t\t<div class=\"elementor-widget-container\">\n\t\t\t\t\t<div  class=\"jeg-elementor-kit jkit-button  icon-position-after jeg_module__1_69ed0e12b5dcd\" ><a href=\"https:\/\/www.grupa-eco.pl\/en\/2024\/12\/20\/zyczenia-swiateczne\/\" class=\"jkit-button-wrapper\">Czytaj wi\u0119cej<i aria-hidden=\"true\" class=\"jki jki-arrow-right-light\"><\/i><\/a><\/div>\t\t\t\t<\/div>\n\t\t\t\t<\/div>\n\t\t\t\t<\/div>\n\t\t\t\t\t<\/div>\n\t\t\t\t<\/div>\n\t\t\t\t<\/div>\n\t\t\t\t<div data-elementor-type=\"loop-item\" data-elementor-id=\"751\" class=\"elementor elementor-751 e-loop-item e-loop-item-730 post-730 post type-post status-publish format-standard has-post-thumbnail hentry category-bez-kategorii\" data-elementor-post-type=\"elementor_library\" data-custom-edit-handle=\"1\">\n\t\t\t<div class=\"elementor-element elementor-element-ecebb84 e-flex e-con-boxed e-con e-parent\" data-id=\"ecebb84\" data-element_type=\"container\">\n\t\t\t\t\t<div class=\"e-con-inner\">\n\t\t\t\t<div class=\"elementor-element elementor-element-5693290 elementor-widget elementor-widget-image\" data-id=\"5693290\" data-element_type=\"widget\" data-widget_type=\"image.default\">\n\t\t\t\t<div class=\"elementor-widget-container\">\n\t\t\t\t\t\t\t\t\t\t\t\t\t\t\t<img decoding=\"async\" width=\"900\" height=\"1272\" src=\"https:\/\/www.grupa-eco.pl\/wp-content\/uploads\/2024\/10\/1.jpg\" class=\"attachment-full size-full wp-image-731\" alt=\"\" srcset=\"https:\/\/www.grupa-eco.pl\/wp-content\/uploads\/2024\/10\/1.jpg 900w, https:\/\/www.grupa-eco.pl\/wp-content\/uploads\/2024\/10\/1-212x300.jpg 212w, https:\/\/www.grupa-eco.pl\/wp-content\/uploads\/2024\/10\/1-725x1024.jpg 725w, https:\/\/www.grupa-eco.pl\/wp-content\/uploads\/2024\/10\/1-768x1085.jpg 768w\" sizes=\"(max-width: 900px) 100vw, 900px\" \/>\t\t\t\t\t\t\t\t\t\t\t\t\t\t\t<\/div>\n\t\t\t\t<\/div>\n\t\t<div class=\"elementor-element elementor-element-609b89b e-con-full e-flex e-con e-child\" data-id=\"609b89b\" data-element_type=\"container\">\n\t\t\t\t<div class=\"elementor-element elementor-element-9853b75 elementor-widget elementor-widget-heading\" data-id=\"9853b75\" data-element_type=\"widget\" data-widget_type=\"heading.default\">\n\t\t\t\t<div class=\"elementor-widget-container\">\n\t\t\t\t\t<h3 class=\"elementor-heading-title elementor-size-default\"><a href=\"https:\/\/www.grupa-eco.pl\/en\/2024\/06\/13\/polityka-esg-eco-classic\/\">Polityka ESG ECO-Classic<\/a><\/h3>\t\t\t\t<\/div>\n\t\t\t\t<\/div>\n\t\t\t\t<div class=\"elementor-element elementor-element-a265386 elementor-widget elementor-widget-jkit_button\" data-id=\"a265386\" data-element_type=\"widget\" data-widget_type=\"jkit_button.default\">\n\t\t\t\t<div class=\"elementor-widget-container\">\n\t\t\t\t\t<div  class=\"jeg-elementor-kit jkit-button  icon-position-after jeg_module__2_69ed0e12bedce\" ><a href=\"https:\/\/www.grupa-eco.pl\/en\/2024\/06\/13\/polityka-esg-eco-classic\/\" class=\"jkit-button-wrapper\">Czytaj wi\u0119cej<i aria-hidden=\"true\" class=\"jki jki-arrow-right-light\"><\/i><\/a><\/div>\t\t\t\t<\/div>\n\t\t\t\t<\/div>\n\t\t\t\t<\/div>\n\t\t\t\t\t<\/div>\n\t\t\t\t<\/div>\n\t\t\t\t<\/div>\n\t\t\t\t<div data-elementor-type=\"loop-item\" data-elementor-id=\"751\" class=\"elementor elementor-751 e-loop-item e-loop-item-749 post-749 post type-post status-publish format-standard has-post-thumbnail hentry category-bez-kategorii\" data-elementor-post-type=\"elementor_library\" data-custom-edit-handle=\"1\">\n\t\t\t<div class=\"elementor-element elementor-element-ecebb84 e-flex e-con-boxed e-con e-parent\" data-id=\"ecebb84\" data-element_type=\"container\">\n\t\t\t\t\t<div class=\"e-con-inner\">\n\t\t\t\t<div class=\"elementor-element elementor-element-5693290 elementor-widget elementor-widget-image\" data-id=\"5693290\" data-element_type=\"widget\" data-widget_type=\"image.default\">\n\t\t\t\t<div class=\"elementor-widget-container\">\n\t\t\t\t\t\t\t\t\t\t\t\t\t\t\t<img loading=\"lazy\" decoding=\"async\" width=\"600\" height=\"450\" src=\"https:\/\/www.grupa-eco.pl\/wp-content\/uploads\/2024\/10\/Eco_wielkanoc_2024_600x450_v20.jpg\" class=\"attachment-full size-full wp-image-743\" alt=\"\" srcset=\"https:\/\/www.grupa-eco.pl\/wp-content\/uploads\/2024\/10\/Eco_wielkanoc_2024_600x450_v20.jpg 600w, https:\/\/www.grupa-eco.pl\/wp-content\/uploads\/2024\/10\/Eco_wielkanoc_2024_600x450_v20-300x225.jpg 300w\" sizes=\"(max-width: 600px) 100vw, 600px\" \/>\t\t\t\t\t\t\t\t\t\t\t\t\t\t\t<\/div>\n\t\t\t\t<\/div>\n\t\t<div class=\"elementor-element elementor-element-609b89b e-con-full e-flex e-con e-child\" data-id=\"609b89b\" data-element_type=\"container\">\n\t\t\t\t<div class=\"elementor-element elementor-element-9853b75 elementor-widget elementor-widget-heading\" data-id=\"9853b75\" data-element_type=\"widget\" data-widget_type=\"heading.default\">\n\t\t\t\t<div class=\"elementor-widget-container\">\n\t\t\t\t\t<h3 class=\"elementor-heading-title elementor-size-default\"><a href=\"https:\/\/www.grupa-eco.pl\/en\/2024\/03\/28\/spokojnych-swiat-wielkanocnych\/\">Spokojnych \u015awi\u0105t Wielkanocnych<\/a><\/h3>\t\t\t\t<\/div>\n\t\t\t\t<\/div>\n\t\t\t\t<div class=\"elementor-element elementor-element-a265386 elementor-widget elementor-widget-jkit_button\" data-id=\"a265386\" data-element_type=\"widget\" data-widget_type=\"jkit_button.default\">\n\t\t\t\t<div class=\"elementor-widget-container\">\n\t\t\t\t\t<div  class=\"jeg-elementor-kit jkit-button  icon-position-after jeg_module__3_69ed0e12c53ae\" ><a href=\"https:\/\/www.grupa-eco.pl\/en\/2024\/03\/28\/spokojnych-swiat-wielkanocnych\/\" class=\"jkit-button-wrapper\">Czytaj wi\u0119cej<i aria-hidden=\"true\" class=\"jki jki-arrow-right-light\"><\/i><\/a><\/div>\t\t\t\t<\/div>\n\t\t\t\t<\/div>\n\t\t\t\t<\/div>\n\t\t\t\t\t<\/div>\n\t\t\t\t<\/div>\n\t\t\t\t<\/div>\n\t\t\t\t<\/div>\n\t\t\n\t\t\t\t\t\t<\/div>\n\t\t\t\t<\/div>\n\t\t\t\t\t<\/div>\n\t\t\t\t<\/div>\n\t\t\t\t<\/div>\n\t\t","protected":false},"excerpt":{"rendered":"","protected":false},"author":1,"featured_media":0,"parent":0,"menu_order":0,"comment_status":"closed","ping_status":"closed","template":"elementor_header_footer","meta":{"_acf_changed":false,"footnotes":""},"class_list":["post-3274","page","type-page","status-publish","hentry"],"acf":[],"yoast_head":"<!-- This site is optimized with the Yoast SEO plugin v26.1.1 - https:\/\/yoast.com\/wordpress\/plugins\/seo\/ -->\n<title>News - Grupa Eco<\/title>\n<meta name=\"robots\" content=\"index, follow, max-snippet:-1, max-image-preview:large, max-video-preview:-1\" \/>\n<link rel=\"canonical\" href=\"https:\/\/www.grupa-eco.pl\/en\/news\/\" \/>\n<meta property=\"og:locale\" content=\"en_US\" \/>\n<meta property=\"og:type\" content=\"article\" \/>\n<meta property=\"og:title\" content=\"News - Grupa Eco\" \/>\n<meta property=\"og:url\" content=\"https:\/\/www.grupa-eco.pl\/en\/news\/\" \/>\n<meta property=\"og:site_name\" content=\"Grupa Eco\" \/>\n<meta property=\"article:modified_time\" content=\"2025-05-29T09:31:41+00:00\" \/>\n<meta name=\"twitter:card\" content=\"summary_large_image\" \/>\n<script type=\"application\/ld+json\" class=\"yoast-schema-graph\">{\"@context\":\"https:\/\/schema.org\",\"@graph\":[{\"@type\":\"WebPage\",\"@id\":\"https:\/\/www.grupa-eco.pl\/en\/news\/\",\"url\":\"https:\/\/www.grupa-eco.pl\/en\/news\/\",\"name\":\"News - Grupa Eco\",\"isPartOf\":{\"@id\":\"https:\/\/www.grupa-eco.pl\/en\/#website\"},\"datePublished\":\"2024-10-16T12:20:24+00:00\",\"dateModified\":\"2025-05-29T09:31:41+00:00\",\"breadcrumb\":{\"@id\":\"https:\/\/www.grupa-eco.pl\/en\/news\/#breadcrumb\"},\"inLanguage\":\"en-US\",\"potentialAction\":[{\"@type\":\"ReadAction\",\"target\":[\"https:\/\/www.grupa-eco.pl\/en\/news\/\"]}]},{\"@type\":\"BreadcrumbList\",\"@id\":\"https:\/\/www.grupa-eco.pl\/en\/news\/#breadcrumb\",\"itemListElement\":[{\"@type\":\"ListItem\",\"position\":1,\"name\":\"Strona g\u0142\u00f3wna\",\"item\":\"https:\/\/www.grupa-eco.pl\/en\/homepage\/\"},{\"@type\":\"ListItem\",\"position\":2,\"name\":\"News\"}]},{\"@type\":\"WebSite\",\"@id\":\"https:\/\/www.grupa-eco.pl\/en\/#website\",\"url\":\"https:\/\/www.grupa-eco.pl\/en\/\",\"name\":\"Grupa Eco\",\"description\":\"\",\"potentialAction\":[{\"@type\":\"SearchAction\",\"target\":{\"@type\":\"EntryPoint\",\"urlTemplate\":\"https:\/\/www.grupa-eco.pl\/en\/?s={search_term_string}\"},\"query-input\":{\"@type\":\"PropertyValueSpecification\",\"valueRequired\":true,\"valueName\":\"search_term_string\"}}],\"inLanguage\":\"en-US\"}]}<\/script>\n<!-- \/ Yoast SEO plugin. -->","yoast_head_json":{"title":"News - Grupa Eco","robots":{"index":"index","follow":"follow","max-snippet":"max-snippet:-1","max-image-preview":"max-image-preview:large","max-video-preview":"max-video-preview:-1"},"canonical":"https:\/\/www.grupa-eco.pl\/en\/news\/","og_locale":"en_US","og_type":"article","og_title":"News - Grupa Eco","og_url":"https:\/\/www.grupa-eco.pl\/en\/news\/","og_site_name":"Grupa Eco","article_modified_time":"2025-05-29T09:31:41+00:00","twitter_card":"summary_large_image","schema":{"@context":"https:\/\/schema.org","@graph":[{"@type":"WebPage","@id":"https:\/\/www.grupa-eco.pl\/en\/news\/","url":"https:\/\/www.grupa-eco.pl\/en\/news\/","name":"News - Grupa Eco","isPartOf":{"@id":"https:\/\/www.grupa-eco.pl\/en\/#website"},"datePublished":"2024-10-16T12:20:24+00:00","dateModified":"2025-05-29T09:31:41+00:00","breadcrumb":{"@id":"https:\/\/www.grupa-eco.pl\/en\/news\/#breadcrumb"},"inLanguage":"en-US","potentialAction":[{"@type":"ReadAction","target":["https:\/\/www.grupa-eco.pl\/en\/news\/"]}]},{"@type":"BreadcrumbList","@id":"https:\/\/www.grupa-eco.pl\/en\/news\/#breadcrumb","itemListElement":[{"@type":"ListItem","position":1,"name":"Strona g\u0142\u00f3wna","item":"https:\/\/www.grupa-eco.pl\/en\/homepage\/"},{"@type":"ListItem","position":2,"name":"News"}]},{"@type":"WebSite","@id":"https:\/\/www.grupa-eco.pl\/en\/#website","url":"https:\/\/www.grupa-eco.pl\/en\/","name":"Grupa Eco","description":"","potentialAction":[{"@type":"SearchAction","target":{"@type":"EntryPoint","urlTemplate":"https:\/\/www.grupa-eco.pl\/en\/?s={search_term_string}"},"query-input":{"@type":"PropertyValueSpecification","valueRequired":true,"valueName":"search_term_string"}}],"inLanguage":"en-US"}]}},"_links":{"self":[{"href":"https:\/\/www.grupa-eco.pl\/en\/wp-json\/wp\/v2\/pages\/3274","targetHints":{"allow":["GET"]}}],"collection":[{"href":"https:\/\/www.grupa-eco.pl\/en\/wp-json\/wp\/v2\/pages"}],"about":[{"href":"https:\/\/www.grupa-eco.pl\/en\/wp-json\/wp\/v2\/types\/page"}],"author":[{"embeddable":true,"href":"https:\/\/www.grupa-eco.pl\/en\/wp-json\/wp\/v2\/users\/1"}],"replies":[{"embeddable":true,"href":"https:\/\/www.grupa-eco.pl\/en\/wp-json\/wp\/v2\/comments?post=3274"}],"version-history":[{"count":1,"href":"https:\/\/www.grupa-eco.pl\/en\/wp-json\/wp\/v2\/pages\/3274\/revisions"}],"predecessor-version":[{"id":3275,"href":"https:\/\/www.grupa-eco.pl\/en\/wp-json\/wp\/v2\/pages\/3274\/revisions\/3275"}],"wp:attachment":[{"href":"https:\/\/www.grupa-eco.pl\/en\/wp-json\/wp\/v2\/media?parent=3274"}],"curies":[{"name":"wp","href":"https:\/\/api.w.org\/{rel}","templated":true}]}}